{"id":8674,"date":"2019-12-02T02:44:04","date_gmt":"2019-12-02T02:44:04","guid":{"rendered":"https:\/\/clinicaflordepiel.com\/?page_id=8674"},"modified":"2022-02-15T19:48:21","modified_gmt":"2022-02-15T19:48:21","slug":"book-an-appointment","status":"publish","type":"page","link":"https:\/\/clinicaflordepiel.com\/en\/book-an-appointment\/","title":{"rendered":"Reservar cita"},"content":{"rendered":"\t\t<div data-elementor-type=\"wp-page\" data-elementor-id=\"8674\" class=\"elementor elementor-8674 elementor-5300\" data-elementor-post-type=\"page\">\n\t\t\t\t\t\t\t\t\t<section class=\"elementor-section elementor-top-section elementor-element elementor-element-14ea452 elementor-section-boxed elementor-section-gap-beside-yes elementor-section-height-default elementor-section-height-default elementor-section-column-vertical-align-stretch\" data-id=\"14ea452\" data-element_type=\"section\">\n\t\t\t\t\t\t<div class=\"elementor-container elementor-column-gap-extended\">\n\t\t\t\t\t<div class=\"elementor-column elementor-col-100 elementor-top-column elementor-element elementor-element-1b5f5b4\" data-id=\"1b5f5b4\" data-element_type=\"column\">\n\t\t\t<div class=\"elementor-widget-wrap elementor-element-populated\">\n\t\t\t\t\t\t\t\t<div class=\"elementor-element elementor-element-3efea66 elementor-invisible elementor-widget elementor-widget-tm-heading\" data-id=\"3efea66\" data-element_type=\"widget\" data-settings=\"{&quot;_animation&quot;:&quot;maxcoachFadeInUp&quot;}\" data-widget_type=\"tm-heading.default\">\n\t\t\t\t<div class=\"elementor-widget-container\">\n\t\t\t\t\t<div class=\"tm-modern-heading\">\n\t\t\t\t\t<div class=\"heading-secondary-wrap\">\n\t\t\t<h1 class=\"heading-secondary elementor-heading-title\">DERMATOLOGICAL TREATMENTS IN PANAMA<\/h1>\t\t<\/div>\n\t\t\n\t\t\t\t\t<div class=\"heading-primary-wrap\">\n\t\t\t<h2 class=\"heading-primary elementor-heading-title\">Book an <mark>Appointment<\/mark><\/h2>\t\t<\/div>\n\t\t\n\t\t\t\n\t\t\t\t\t<div class=\"heading-description-wrap\">\n\t\t\t<div class=\"heading-description\">\n\t\t\t\tWe offer you guaranteed care and the necessary care to make your skin look radiant. Your skin is our priority.\t\t\t<\/div>\n\t\t<\/div>\n\t\t\t<\/div>\n\t\t\t\t<\/div>\n\t\t\t\t<\/div>\n\t\t\t\t\t<\/div>\n\t\t<\/div>\n\t\t\t\t\t\t\t<\/div>\n\t\t<\/section>\n\t\t\t\t<section class=\"elementor-section elementor-top-section elementor-element elementor-element-bcdda42 elementor-section-boxed elementor-section-gap-beside-yes elementor-section-height-default elementor-section-height-default elementor-section-column-vertical-align-stretch\" data-id=\"bcdda42\" data-element_type=\"section\">\n\t\t\t\t\t\t<div class=\"elementor-container elementor-column-gap-extended\">\n\t\t\t\t\t<div class=\"elementor-column elementor-col-33 elementor-top-column elementor-element elementor-element-46d6ab6\" data-id=\"46d6ab6\" data-element_type=\"column\">\n\t\t\t<div class=\"elementor-widget-wrap elementor-element-populated\">\n\t\t\t\t\t\t\t\t<div class=\"elementor-element elementor-element-05bad3e elementor-position-left maxcoach-view-default mobile-position-top-yes elementor-vertical-align-top elementor-invisible elementor-widget elementor-widget-tm-icon-box\" data-id=\"05bad3e\" data-element_type=\"widget\" data-settings=\"{&quot;_animation&quot;:&quot;maxcoachFadeInUp&quot;}\" data-widget_type=\"tm-icon-box.default\">\n\t\t\t\t<div class=\"elementor-widget-container\">\n\t\t\t\t\t<div class=\"tm-icon-box maxcoach-box\">\t\t\t\t<div class=\"icon-box-wrapper\">\n\t\t\t\t\t<div class=\"maxcoach-icon-wrap\">\n\t\t\t<div class=\"maxcoach-icon-view first\">\n\t\t\t\t<div class=\"maxcoach-icon-view-inner\">\n\t\t\t\t\t<div class=\"maxcoach-icon icon maxcoach-solid-icon\">\n\t\t\t\t\t\t<i aria-hidden=\"true\" class=\"fal fa-map-marker-alt\"><\/i>\t\t\t\t\t<\/div>\n\t\t\t\t<\/div>\n\t\t\t<\/div>\n\n\t\t\t\t\t<\/div>\n\t\t\n\t\t\t<div class=\"icon-box-content\">\n\t\t\t\t\t\t<div class=\"heading-wrap\">\n\t\t\t<h3 class=\"heading\">Address<\/h3>\n\t\t\t\t\t<\/div>\n\t\t\n\t\t\t\t\t\t<div class=\"description-wrap\">\n\t\t\t<div class=\"description\">\n\t\t\t\tLocal 301, third floor, Chiriqu\u00ed Hospital.\t\t\t<\/div>\n\t\t<\/div>\n\t\t\n\t\t\t\t\t\t\t<\/div>\n\t\t<\/div>\n\n\t\t<\/div>\t\t\t\t<\/div>\n\t\t\t\t<\/div>\n\t\t\t\t<div class=\"elementor-element elementor-element-4c32fce elementor-position-left maxcoach-view-default mobile-position-top-yes elementor-vertical-align-top elementor-invisible elementor-widget elementor-widget-tm-icon-box\" data-id=\"4c32fce\" data-element_type=\"widget\" data-settings=\"{&quot;_animation&quot;:&quot;maxcoachFadeInUp&quot;}\" data-widget_type=\"tm-icon-box.default\">\n\t\t\t\t<div class=\"elementor-widget-container\">\n\t\t\t\t\t<div class=\"tm-icon-box maxcoach-box\">\t\t\t\t<div class=\"icon-box-wrapper\">\n\t\t\t\t\t<div class=\"maxcoach-icon-wrap\">\n\t\t\t<div class=\"maxcoach-icon-view first\">\n\t\t\t\t<div class=\"maxcoach-icon-view-inner\">\n\t\t\t\t\t<div class=\"maxcoach-icon icon maxcoach-solid-icon\">\n\t\t\t\t\t\t<i aria-hidden=\"true\" class=\"fal fa-phone-alt\"><\/i>\t\t\t\t\t<\/div>\n\t\t\t\t<\/div>\n\t\t\t<\/div>\n\n\t\t\t\t\t<\/div>\n\t\t\n\t\t\t<div class=\"icon-box-content\">\n\t\t\t\t\t\t<div class=\"heading-wrap\">\n\t\t\t<h3 class=\"heading\">Contact<\/h3>\n\t\t\t\t\t<\/div>\n\t\t\n\t\t\t\t\t\t<div class=\"description-wrap\">\n\t\t\t<div class=\"description\">\n\t\t\t\tPhone: <strong style=\"color: #333\">(507) 777-8091<\/strong><br \/>\n\nEmail: <a href=\"mailto:info@clinicaflordepiel.com\">info@clinicaflordepiel.com<\/a>\n<a href=\"mailto:admon@clinicaflordepiel.com\">admon@clinicaflordepiel.com<\/a>\t\t\t<\/div>\n\t\t<\/div>\n\t\t\n\t\t\t\t\t\t\t<\/div>\n\t\t<\/div>\n\n\t\t<\/div>\t\t\t\t<\/div>\n\t\t\t\t<\/div>\n\t\t\t\t<div class=\"elementor-element elementor-element-19fb6cf elementor-position-left maxcoach-view-default mobile-position-top-yes elementor-vertical-align-top elementor-invisible elementor-widget elementor-widget-tm-icon-box\" data-id=\"19fb6cf\" data-element_type=\"widget\" data-settings=\"{&quot;_animation&quot;:&quot;maxcoachFadeInUp&quot;}\" data-widget_type=\"tm-icon-box.default\">\n\t\t\t\t<div class=\"elementor-widget-container\">\n\t\t\t\t\t<div class=\"tm-icon-box maxcoach-box\">\t\t\t\t<div class=\"icon-box-wrapper\">\n\t\t\t\t\t<div class=\"maxcoach-icon-wrap\">\n\t\t\t<div class=\"maxcoach-icon-view first\">\n\t\t\t\t<div class=\"maxcoach-icon-view-inner\">\n\t\t\t\t\t<div class=\"maxcoach-icon icon maxcoach-solid-icon\">\n\t\t\t\t\t\t<i aria-hidden=\"true\" class=\"fal fa-clock\"><\/i>\t\t\t\t\t<\/div>\n\t\t\t\t<\/div>\n\t\t\t<\/div>\n\n\t\t\t\t\t<\/div>\n\t\t\n\t\t\t<div class=\"icon-box-content\">\n\t\t\t\t\t\t<div class=\"heading-wrap\">\n\t\t\t<h3 class=\"heading\">Hours of Operation<\/h3>\n\t\t\t\t\t<\/div>\n\t\t\n\t\t\t\t\t\t<div class=\"description-wrap\">\n\t\t\t<div class=\"description\">\n\t\t\t\tMonday - Friday: 9:00 am - 5:00 pm\n<br \/>\nSaturday - Sunday: Cerrado\t\t\t<\/div>\n\t\t<\/div>\n\t\t\n\t\t\t\t\t\t\t<\/div>\n\t\t<\/div>\n\n\t\t<\/div>\t\t\t\t<\/div>\n\t\t\t\t<\/div>\n\t\t\t\t\t<\/div>\n\t\t<\/div>\n\t\t\t\t<div class=\"elementor-column elementor-col-66 elementor-top-column elementor-element elementor-element-ec484c2 elementor-invisible\" data-id=\"ec484c2\" data-element_type=\"column\" data-settings=\"{&quot;animation&quot;:&quot;maxcoachFadeInUp&quot;}\">\n\t\t\t<div class=\"elementor-widget-wrap elementor-element-populated\">\n\t\t\t\t\t\t\t\t<div class=\"elementor-element elementor-element-0c07172 elementor-button-align-end elementor-widget elementor-widget-form\" data-id=\"0c07172\" data-element_type=\"widget\" data-settings=\"{&quot;step_next_label&quot;:&quot;Next&quot;,&quot;step_previous_label&quot;:&quot;Previous&quot;,&quot;step_type&quot;:&quot;number_text&quot;,&quot;step_icon_shape&quot;:&quot;circle&quot;}\" data-widget_type=\"form.default\">\n\t\t\t\t<div class=\"elementor-widget-container\">\n\t\t\t\t\t<form class=\"elementor-form\" method=\"post\" name=\"contactform\">\n\t\t\t<input type=\"hidden\" name=\"post_id\" value=\"8674\"\/>\n\t\t\t<input type=\"hidden\" name=\"form_id\" value=\"0c07172\"\/>\n\t\t\t<input type=\"hidden\" name=\"referer_title\" value=\"Cl\u00ednica Dermatol\u00f3gica\" \/>\n\n\t\t\t\n\t\t\t<div class=\"elementor-form-fields-wrapper elementor-labels-\">\n\t\t\t\t\t\t\t\t<div class=\"elementor-field-type-text elementor-field-group elementor-column elementor-field-group-name elementor-col-50\">\n\t\t\t\t\t\t\t\t\t\t\t\t<label for=\"form-field-name\" class=\"elementor-field-label elementor-screen-only\">\n\t\t\t\t\t\t\t\tname\t\t\t\t\t\t\t<\/label>\n\t\t\t\t\t\t\t\t\t\t\t\t\t\t<input size=\"1\" type=\"text\" name=\"form_fields[name]\" id=\"form-field-name\" class=\"elementor-field elementor-size-sm  elementor-field-textual\" placeholder=\"Name\">\n\t\t\t\t\t\t\t\t\t\t\t<\/div>\n\t\t\t\t\t\t\t\t<div class=\"elementor-field-type-email elementor-field-group elementor-column elementor-field-group-email elementor-col-50 elementor-field-required\">\n\t\t\t\t\t\t\t\t\t\t\t\t<label for=\"form-field-email\" class=\"elementor-field-label elementor-screen-only\">\n\t\t\t\t\t\t\t\tEmail\t\t\t\t\t\t\t<\/label>\n\t\t\t\t\t\t\t\t\t\t\t\t\t\t<input size=\"1\" type=\"email\" name=\"form_fields[email]\" id=\"form-field-email\" class=\"elementor-field elementor-size-sm  elementor-field-textual\" placeholder=\"E-mail\" required=\"required\" aria-required=\"true\">\n\t\t\t\t\t\t\t\t\t\t\t<\/div>\n\t\t\t\t\t\t\t\t<div class=\"elementor-field-type-number elementor-field-group elementor-column elementor-field-group-field_3ca376c elementor-col-50\">\n\t\t\t\t\t\t\t\t\t\t\t\t<label for=\"form-field-field_3ca376c\" class=\"elementor-field-label elementor-screen-only\">\n\t\t\t\t\t\t\t\tTelephone \t\t\t\t\t\t\t<\/label>\n\t\t\t\t\t\t\t\t\t<input type=\"number\" name=\"form_fields[field_3ca376c]\" id=\"form-field-field_3ca376c\" class=\"elementor-field elementor-size-sm  elementor-field-textual\" placeholder=\"Telephone \" min=\"\" max=\"\" >\n\t\t\t\t\t\t<\/div>\n\t\t\t\t\t\t\t\t<div class=\"elementor-field-type-text elementor-field-group elementor-column elementor-field-group-field_a4c5f6f elementor-col-50\">\n\t\t\t\t\t\t\t\t\t\t\t\t<label for=\"form-field-field_a4c5f6f\" class=\"elementor-field-label elementor-screen-only\">\n\t\t\t\t\t\t\t\tService\t\t\t\t\t\t\t<\/label>\n\t\t\t\t\t\t\t\t\t\t\t\t\t\t<input size=\"1\" type=\"text\" name=\"form_fields[field_a4c5f6f]\" id=\"form-field-field_a4c5f6f\" class=\"elementor-field elementor-size-sm  elementor-field-textual\" placeholder=\"Service\">\n\t\t\t\t\t\t\t\t\t\t\t<\/div>\n\t\t\t\t\t\t\t\t<div class=\"elementor-field-type-textarea elementor-field-group elementor-column elementor-field-group-message elementor-col-100\">\n\t\t\t\t\t\t\t\t\t\t\t\t<label for=\"form-field-message\" class=\"elementor-field-label elementor-screen-only\">\n\t\t\t\t\t\t\t\tMessage\t\t\t\t\t\t\t<\/label>\n\t\t\t\t\t\t<textarea class=\"elementor-field-textual elementor-field  elementor-size-sm\" name=\"form_fields[message]\" id=\"form-field-message\" rows=\"4\" placeholder=\"Message\"><\/textarea>\t\t\t\t<\/div>\n\t\t\t\t\t\t\t\t<div class=\"elementor-field-group elementor-column elementor-field-type-submit elementor-col-100 e-form__buttons\">\n\t\t\t\t\t<button type=\"submit\" class=\"elementor-button elementor-size-sm\">\n\t\t\t\t\t\t<span >\n\t\t\t\t\t\t\t\t\t\t\t\t\t\t\t<span class=\"elementor-align-icon-right elementor-button-icon\">\n\t\t\t\t\t\t\t\t\t<i aria-hidden=\"true\" class=\"far fa-arrow-alt-circle-right\"><\/i>\t\t\t\t\t\t\t\t\t\t\t\t\t\t\t\t\t<\/span>\n\t\t\t\t\t\t\t\t\t\t\t\t\t\t\t\t\t\t\t\t\t\t<span class=\"elementor-button-text\">Book an appointment<\/span>\n\t\t\t\t\t\t\t\t\t\t\t\t\t<\/span>\n\t\t\t\t\t<\/button>\n\t\t\t\t<\/div>\n\t\t\t<\/div>\n\t\t<\/form>\n\t\t\t\t<\/div>\n\t\t\t\t<\/div>\n\t\t\t\t\t<\/div>\n\t\t<\/div>\n\t\t\t\t\t\t\t<\/div>\n\t\t<\/section>\n\t\t\t\t\t\t\t<\/div>\n\t\t","protected":false},"excerpt":{"rendered":"<p>DERMATOLOGICAL TREATMENTS IN PANAMA Book an Appointment We offer you guaranteed care and the necessary care to make your skin look radiant. Your skin is our priority. Address Local 301, third floor, Chiriqu\u00ed Hospital. Contact Phone: (507) 777-8091 Email: info@clinicaflordepiel.com admon@clinicaflordepiel.com Hours of Operation Monday &#8211; Friday: 9:00 am &#8211; 5:00 pm Saturday &#8211; Sunday: Cerrado<\/p>\n","protected":false},"author":1,"featured_media":8051,"parent":0,"menu_order":0,"comment_status":"closed","ping_status":"closed","template":"elementor_header_footer","meta":{"inline_featured_image":false,"footnotes":""},"class_list":["post-8674","page","type-page","status-publish","has-post-thumbnail","hentry"],"yoast_head":"<!-- This site is optimized with the Yoast SEO plugin v18.4.1 - https:\/\/yoast.com\/wordpress\/plugins\/seo\/ -->\n<title>Dermatological Clinic in Chiriqu\u00ed | Dermatologist in Panama<\/title>\n<meta name=\"description\" content=\"Dermatological Clinic Flor de Piel Chiriqu\u00ed, Dr. Karen Zapata dermatologist Specialists in medical Dermatology, acne and rejuvenation.\" \/>\n<meta name=\"robots\" content=\"index, follow, max-snippet:-1, max-image-preview:large, max-video-preview:-1\" \/>\n<link rel=\"canonical\" href=\"https:\/\/clinicaflordepiel.com\/en\/book-an-appointment\/\" \/>\n<meta property=\"og:locale\" content=\"en_US\" \/>\n<meta property=\"og:type\" content=\"article\" \/>\n<meta property=\"og:title\" content=\"Cl\u00ednica Dermatol\u00f3gica en Chiriqu\u00ed | Dermatologo en Panama\" \/>\n<meta property=\"og:description\" content=\"Cl\u00ednica Dermatol\u00f3gica Flor de Piel Chiriqu\u00ed, Dra. Karen Zapata dermatologo Especialistas en Dermatolog\u00eda m\u00e9dica, acn\u00e9 y rejuvenecimiento.\" \/>\n<meta property=\"og:url\" content=\"https:\/\/clinicaflordepiel.com\/en\/book-an-appointment\/\" \/>\n<meta property=\"og:site_name\" content=\"Cl\u00ednica Dermatol\u00f3gica\" \/>\n<meta property=\"article:publisher\" content=\"https:\/\/www.facebook.com\/Aflordepielclinic\/\" \/>\n<meta property=\"article:modified_time\" content=\"2022-02-15T19:48:21+00:00\" \/>\n<meta property=\"og:image\" content=\"https:\/\/clinicaflordepiel.com\/wp-content\/uploads\/2021\/12\/a-flor-de-piel.jpg\" \/>\n\t<meta property=\"og:image:width\" content=\"594\" \/>\n\t<meta property=\"og:image:height\" content=\"600\" \/>\n\t<meta property=\"og:image:type\" content=\"image\/jpeg\" \/>\n<meta name=\"twitter:card\" content=\"summary_large_image\" \/>\n<meta name=\"twitter:title\" content=\"Cl\u00ednica Dermatol\u00f3gica en Chiriqu\u00ed | Dermatologo en Panama\" \/>\n<meta name=\"twitter:description\" content=\"Cl\u00ednica Dermatol\u00f3gica Flor de Piel Chiriqu\u00ed, Dra. Karen Zapata dermatologo Especialistas en Dermatolog\u00eda m\u00e9dica, acn\u00e9 y rejuvenecimiento.\" \/>\n<meta name=\"twitter:image\" content=\"https:\/\/clinicaflordepiel.com\/wp-content\/uploads\/2021\/12\/a-flor-de-piel.jpg\" \/>\n<meta name=\"twitter:site\" content=\"@aflordepielclin\" \/>\n<meta name=\"twitter:label1\" content=\"Est. reading time\" \/>\n\t<meta name=\"twitter:data1\" content=\"1 minute\" \/>\n<script type=\"application\/ld+json\" class=\"yoast-schema-graph\">{\"@context\":\"https:\/\/schema.org\",\"@graph\":[{\"@type\":\"Organization\",\"@id\":\"https:\/\/clinicaflordepiel.com\/en\/#organization\",\"name\":\"Cl\u00ednica a Flor de Piel\",\"url\":\"https:\/\/clinicaflordepiel.com\/en\/\",\"sameAs\":[\"https:\/\/www.facebook.com\/Aflordepielclinic\/\",\"https:\/\/www.instagram.com\/drakarenzapata\/\",\"https:\/\/twitter.com\/aflordepielclin\"],\"logo\":{\"@type\":\"ImageObject\",\"@id\":\"https:\/\/clinicaflordepiel.com\/en\/#logo\",\"inLanguage\":\"en-US\",\"url\":\"https:\/\/clinicaflordepiel.com\/wp-content\/uploads\/2021\/12\/a-flor-de-piel-dermaclinic.jpg\",\"contentUrl\":\"https:\/\/clinicaflordepiel.com\/wp-content\/uploads\/2021\/12\/a-flor-de-piel-dermaclinic.jpg\",\"width\":960,\"height\":960,\"caption\":\"Cl\u00ednica a Flor de Piel\"},\"image\":{\"@id\":\"https:\/\/clinicaflordepiel.com\/en\/#logo\"}},{\"@type\":\"WebSite\",\"@id\":\"https:\/\/clinicaflordepiel.com\/en\/#website\",\"url\":\"https:\/\/clinicaflordepiel.com\/en\/\",\"name\":\"Cl\u00ednica Dermatol\u00f3gica\",\"description\":\"Cl\u00ednica a flor de piel Chiriqu\u00ed\",\"publisher\":{\"@id\":\"https:\/\/clinicaflordepiel.com\/en\/#organization\"},\"potentialAction\":[{\"@type\":\"SearchAction\",\"target\":{\"@type\":\"EntryPoint\",\"urlTemplate\":\"https:\/\/clinicaflordepiel.com\/en\/?s={search_term_string}\"},\"query-input\":\"required name=search_term_string\"}],\"inLanguage\":\"en-US\"},{\"@type\":\"ImageObject\",\"@id\":\"https:\/\/clinicaflordepiel.com\/en\/book-an-appointment\/#primaryimage\",\"inLanguage\":\"en-US\",\"url\":\"https:\/\/clinicaflordepiel.com\/wp-content\/uploads\/2021\/12\/a-flor-de-piel.jpg\",\"contentUrl\":\"https:\/\/clinicaflordepiel.com\/wp-content\/uploads\/2021\/12\/a-flor-de-piel.jpg\",\"width\":594,\"height\":600},{\"@type\":[\"WebPage\",\"ContactPage\"],\"@id\":\"https:\/\/clinicaflordepiel.com\/en\/book-an-appointment\/#webpage\",\"url\":\"https:\/\/clinicaflordepiel.com\/en\/book-an-appointment\/\",\"name\":\"Dermatological Clinic in Chiriqu\u00ed | Dermatologist in Panama\",\"isPartOf\":{\"@id\":\"https:\/\/clinicaflordepiel.com\/en\/#website\"},\"primaryImageOfPage\":{\"@id\":\"https:\/\/clinicaflordepiel.com\/en\/book-an-appointment\/#primaryimage\"},\"datePublished\":\"2019-12-02T02:44:04+00:00\",\"dateModified\":\"2022-02-15T19:48:21+00:00\",\"description\":\"Dermatological Clinic Flor de Piel Chiriqu\u00ed, Dr. Karen Zapata dermatologist Specialists in medical Dermatology, acne and rejuvenation.\",\"breadcrumb\":{\"@id\":\"https:\/\/clinicaflordepiel.com\/en\/book-an-appointment\/#breadcrumb\"},\"inLanguage\":\"en-US\",\"potentialAction\":[{\"@type\":\"ReadAction\",\"target\":[\"https:\/\/clinicaflordepiel.com\/en\/book-an-appointment\/\"]}]},{\"@type\":\"BreadcrumbList\",\"@id\":\"https:\/\/clinicaflordepiel.com\/en\/book-an-appointment\/#breadcrumb\",\"itemListElement\":[{\"@type\":\"ListItem\",\"position\":1,\"name\":\"Portada\",\"item\":\"https:\/\/clinicaflordepiel.com\/en\/\"},{\"@type\":\"ListItem\",\"position\":2,\"name\":\"Reservar cita\"}]}]}<\/script>\n<!-- \/ Yoast SEO plugin. -->","yoast_head_json":{"title":"Dermatological Clinic in Chiriqu\u00ed | Dermatologist in Panama","description":"Dermatological Clinic Flor de Piel Chiriqu\u00ed, Dr. Karen Zapata dermatologist Specialists in medical Dermatology, acne and rejuvenation.","robots":{"index":"index","follow":"follow","max-snippet":"max-snippet:-1","max-image-preview":"max-image-preview:large","max-video-preview":"max-video-preview:-1"},"canonical":"https:\/\/clinicaflordepiel.com\/en\/book-an-appointment\/","og_locale":"en_US","og_type":"article","og_title":"Cl\u00ednica Dermatol\u00f3gica en Chiriqu\u00ed | Dermatologo en Panama","og_description":"Cl\u00ednica Dermatol\u00f3gica Flor de Piel Chiriqu\u00ed, Dra. Karen Zapata dermatologo Especialistas en Dermatolog\u00eda m\u00e9dica, acn\u00e9 y rejuvenecimiento.","og_url":"https:\/\/clinicaflordepiel.com\/en\/book-an-appointment\/","og_site_name":"Cl\u00ednica Dermatol\u00f3gica","article_publisher":"https:\/\/www.facebook.com\/Aflordepielclinic\/","article_modified_time":"2022-02-15T19:48:21+00:00","og_image":[{"width":594,"height":600,"url":"https:\/\/clinicaflordepiel.com\/wp-content\/uploads\/2021\/12\/a-flor-de-piel.jpg","type":"image\/jpeg"}],"twitter_card":"summary_large_image","twitter_title":"Cl\u00ednica Dermatol\u00f3gica en Chiriqu\u00ed | Dermatologo en Panama","twitter_description":"Cl\u00ednica Dermatol\u00f3gica Flor de Piel Chiriqu\u00ed, Dra. Karen Zapata dermatologo Especialistas en Dermatolog\u00eda m\u00e9dica, acn\u00e9 y rejuvenecimiento.","twitter_image":"https:\/\/clinicaflordepiel.com\/wp-content\/uploads\/2021\/12\/a-flor-de-piel.jpg","twitter_site":"@aflordepielclin","twitter_misc":{"Est. reading time":"1 minute"},"schema":{"@context":"https:\/\/schema.org","@graph":[{"@type":"Organization","@id":"https:\/\/clinicaflordepiel.com\/en\/#organization","name":"Cl\u00ednica a Flor de Piel","url":"https:\/\/clinicaflordepiel.com\/en\/","sameAs":["https:\/\/www.facebook.com\/Aflordepielclinic\/","https:\/\/www.instagram.com\/drakarenzapata\/","https:\/\/twitter.com\/aflordepielclin"],"logo":{"@type":"ImageObject","@id":"https:\/\/clinicaflordepiel.com\/en\/#logo","inLanguage":"en-US","url":"https:\/\/clinicaflordepiel.com\/wp-content\/uploads\/2021\/12\/a-flor-de-piel-dermaclinic.jpg","contentUrl":"https:\/\/clinicaflordepiel.com\/wp-content\/uploads\/2021\/12\/a-flor-de-piel-dermaclinic.jpg","width":960,"height":960,"caption":"Cl\u00ednica a Flor de Piel"},"image":{"@id":"https:\/\/clinicaflordepiel.com\/en\/#logo"}},{"@type":"WebSite","@id":"https:\/\/clinicaflordepiel.com\/en\/#website","url":"https:\/\/clinicaflordepiel.com\/en\/","name":"Cl\u00ednica Dermatol\u00f3gica","description":"Cl\u00ednica a flor de piel Chiriqu\u00ed","publisher":{"@id":"https:\/\/clinicaflordepiel.com\/en\/#organization"},"potentialAction":[{"@type":"SearchAction","target":{"@type":"EntryPoint","urlTemplate":"https:\/\/clinicaflordepiel.com\/en\/?s={search_term_string}"},"query-input":"required name=search_term_string"}],"inLanguage":"en-US"},{"@type":"ImageObject","@id":"https:\/\/clinicaflordepiel.com\/en\/book-an-appointment\/#primaryimage","inLanguage":"en-US","url":"https:\/\/clinicaflordepiel.com\/wp-content\/uploads\/2021\/12\/a-flor-de-piel.jpg","contentUrl":"https:\/\/clinicaflordepiel.com\/wp-content\/uploads\/2021\/12\/a-flor-de-piel.jpg","width":594,"height":600},{"@type":["WebPage","ContactPage"],"@id":"https:\/\/clinicaflordepiel.com\/en\/book-an-appointment\/#webpage","url":"https:\/\/clinicaflordepiel.com\/en\/book-an-appointment\/","name":"Dermatological Clinic in Chiriqu\u00ed | Dermatologist in Panama","isPartOf":{"@id":"https:\/\/clinicaflordepiel.com\/en\/#website"},"primaryImageOfPage":{"@id":"https:\/\/clinicaflordepiel.com\/en\/book-an-appointment\/#primaryimage"},"datePublished":"2019-12-02T02:44:04+00:00","dateModified":"2022-02-15T19:48:21+00:00","description":"Dermatological Clinic Flor de Piel Chiriqu\u00ed, Dr. Karen Zapata dermatologist Specialists in medical Dermatology, acne and rejuvenation.","breadcrumb":{"@id":"https:\/\/clinicaflordepiel.com\/en\/book-an-appointment\/#breadcrumb"},"inLanguage":"en-US","potentialAction":[{"@type":"ReadAction","target":["https:\/\/clinicaflordepiel.com\/en\/book-an-appointment\/"]}]},{"@type":"BreadcrumbList","@id":"https:\/\/clinicaflordepiel.com\/en\/book-an-appointment\/#breadcrumb","itemListElement":[{"@type":"ListItem","position":1,"name":"Portada","item":"https:\/\/clinicaflordepiel.com\/en\/"},{"@type":"ListItem","position":2,"name":"Reservar cita"}]}]}},"_links":{"self":[{"href":"https:\/\/clinicaflordepiel.com\/en\/wp-json\/wp\/v2\/pages\/8674","targetHints":{"allow":["GET"]}}],"collection":[{"href":"https:\/\/clinicaflordepiel.com\/en\/wp-json\/wp\/v2\/pages"}],"about":[{"href":"https:\/\/clinicaflordepiel.com\/en\/wp-json\/wp\/v2\/types\/page"}],"author":[{"embeddable":true,"href":"https:\/\/clinicaflordepiel.com\/en\/wp-json\/wp\/v2\/users\/1"}],"replies":[{"embeddable":true,"href":"https:\/\/clinicaflordepiel.com\/en\/wp-json\/wp\/v2\/comments?post=8674"}],"version-history":[{"count":7,"href":"https:\/\/clinicaflordepiel.com\/en\/wp-json\/wp\/v2\/pages\/8674\/revisions"}],"predecessor-version":[{"id":8776,"href":"https:\/\/clinicaflordepiel.com\/en\/wp-json\/wp\/v2\/pages\/8674\/revisions\/8776"}],"wp:featuredmedia":[{"embeddable":true,"href":"https:\/\/clinicaflordepiel.com\/en\/wp-json\/wp\/v2\/media\/8051"}],"wp:attachment":[{"href":"https:\/\/clinicaflordepiel.com\/en\/wp-json\/wp\/v2\/media?parent=8674"}],"curies":[{"name":"wp","href":"https:\/\/api.w.org\/{rel}","templated":true}]}}